{"id":68,"date":"2021-03-22T16:09:27","date_gmt":"2021-03-22T16:09:27","guid":{"rendered":"http:\/\/hydraspex.com\/?page_id=68"},"modified":"2022-01-13T15:21:50","modified_gmt":"2022-01-13T15:21:50","slug":"covid-19","status":"publish","type":"page","link":"https:\/\/hydraspex.com\/?page_id=68","title":{"rendered":"Covid-19"},"content":{"rendered":"\t\t<div data-elementor-type=\"wp-page\" data-elementor-id=\"68\" class=\"elementor elementor-68\">\n\t\t\t\t\t\t<section class=\"elementor-section elementor-top-section elementor-element elementor-element-6b1cc96c elementor-section-boxed elementor-section-height-default elementor-section-height-default\" data-id=\"6b1cc96c\" data-element_type=\"section\">\n\t\t\t\t\t\t<div class=\"elementor-container elementor-column-gap-default\">\n\t\t\t\t\t<div class=\"elementor-column elementor-col-100 elementor-top-column elementor-element elementor-element-3de1acd0\" data-id=\"3de1acd0\" data-element_type=\"column\">\n\t\t\t<div class=\"elementor-widget-wrap elementor-element-populated\">\n\t\t\t\t\t\t<div class=\"elementor-element elementor-element-57803a58 elementor-widget elementor-widget-text-editor\" data-id=\"57803a58\" data-element_type=\"widget\" data-widget_type=\"text-editor.default\">\n\t\t\t\t<div class=\"elementor-widget-container\">\n\t\t\t\t\t\t\t\t\t<div class=\"av-special-heading av-special-heading-h1 custom-color-heading blockquote modern-quote avia-builder-el-7 el_before_av_textblock avia-builder-el-first \">\n<h2 class=\"av-special-heading-tag \"><span id=\"einleitung\">COVID-19 ANTIGEN-SCHNELLTEST<\/span><\/h2>\n<\/div>\n<section class=\"av_textblock_section \">\n<div class=\"avia_textblock \">\n<p>HydraSpex bietet Corona-Schnelltests zum Nachweis von Corona-Antigenen an. Mithilfe\u00a0eines Antigen-Schnelltests wird innerhalb\u00a0von 15 Minuten ermittelt, ob eine akute Infektion mit SARS-CoV-2 vorliegt.\u00a0Hierf\u00fcr wird vor Ort ein minimalinvasiver Nasalabstrich durchgef\u00fchrt.\u00a0Der\u00a0an unseren Teststellen verwendete Panbio\u2122 COVID-19 Antigen-Test der Firma Abbott basiert auf dem Lateral-Flow-Prinzip und liefert schnell zuverl\u00e4ssige Ergebnisse.<\/p>\n<p>F\u00fcr weitere Fragen stehen wir Ihnen gerne per E-Mail unter\u00a0<a href=\"mailto:info@hydraspex.com\">info@hydraspex.com<\/a>\u00a0zur Verf\u00fcgung.<\/p>\n<p>Aufgrund der niedrigen Inzidenzen und des erfreulichen Impffortschritts reduzieren wir unsere tempor\u00e4ren Schnellteststationen und bieten keine \u201ekostenlosen B\u00fcrgertests\u201c mehr an.<\/p>\n<p>\u00a0<\/p>\n<\/div>\n<\/section>\n<div class=\"av-special-heading av-special-heading-h3 custom-color-heading blockquote modern-quote avia-builder-el-14 el_after_av_heading el_before_av_textblock \">\n<h2 id=\"stationen\">Teststelle am Freibad<\/h2>\n<\/div>\n<section class=\"av_textblock_section \">\n<div class=\"avia_textblock \">\n<p><strong>Adresse:<\/strong><br \/>Freibad 1<br \/>72072 T\u00fcbingen<\/p>\n<p><strong>\u00d6ffnungszeiten:<\/strong><br \/>zur Zeit geschlossen<\/p>\n<p><strong>Anfahrt:<\/strong><br \/><a href=\"https:\/\/goo.gl\/maps\/8bepx455EzRiKzpL6\" target=\"_blank\" rel=\"noopener noreferrer\">Route planen mit Google Maps<\/a><\/p>\n<p>\u00a0<\/p>\n<\/div>\n<\/section>\n<div class=\"av-special-heading av-special-heading-h3 custom-color-heading blockquote modern-quote avia-builder-el-14 el_after_av_heading el_before_av_textblock \">\n<h2 id=\"stationen\">Teststelle am\u00a0Hallenbad<\/h2>\n<\/div>\n<section class=\"av_textblock_section \">\n<div class=\"avia_textblock \">\n<p><strong>Adresse:<\/strong><br \/>Berliner Ring 30<br \/>72076 T\u00fcbingen<\/p>\n<p><strong>\u00d6ffnungszeiten:<\/strong><br \/>zur Zeit geschlossen<\/p>\n<p><strong>Anfahrt:<\/strong><br \/><a href=\"https:\/\/goo.gl\/maps\/FbgBvwMZS3Krah129\" target=\"_blank\" rel=\"noopener noreferrer\">Route planen mit Google Maps<\/a><\/p>\n<p>\u00a0<\/p>\n<p>\u00a0<\/p>\n<\/div>\n<\/section>\n<p><\/p>\n<div class=\"av-special-heading av-special-heading-h3 custom-color-heading blockquote modern-quote avia-builder-el-14 el_after_av_heading el_before_av_textblock \">\n<h2 id=\"stationen\">Teststelle an der Neckarbr\u00fccke<\/h2>\n<\/div>\n<section class=\"av_textblock_section \">\n<div class=\"avia_textblock \">\n<p><strong>Adresse:<\/strong><br \/>An der Neckarbr\u00fccke 1<br \/>72072 T\u00fcbingen<\/p>\n<p><strong>\u00d6ffnungszeiten:<\/strong><br \/>zur Zeit geschlossen<\/p>\n<p><strong>Anfahrt:<\/strong><br \/><a href=\"https:\/\/goo.gl\/maps\/xdEMrXGWhNo812Hz7\" target=\"_blank\" rel=\"noopener noreferrer\">Route planen mit Google Maps<\/a><\/p>\n<p>\u00a0<\/p>\n<\/div>\n<\/section>\n<p>\u00a0<\/p>\n<p>Hier finden Sie unsere <a href=\"https:\/\/hydraspex.com\/?wpdmpro=datenschutz_poc_coronatest\" data-type=\"URL\" data-id=\"https:\/\/hydraspex.com\/?wpdmpro=datenschutz_poc_coronatest\">Datenschutzerkl\u00e4rung <\/a>f\u00fcr die POC-Testung<\/p>\n<p>\u00a0<\/p>\n<p><\/p>\t\t\t\t\t\t\t\t<\/div>\n\t\t\t\t<\/div>\n\t\t\t\t\t<\/div>\n\t\t<\/div>\n\t\t\t\t\t<\/div>\n\t\t<\/section>\n\t\t\t\t<section class=\"elementor-section elementor-top-section elementor-element elementor-element-bd35633 elementor-section-boxed elementor-section-height-default elementor-section-height-default\" data-id=\"bd35633\" data-element_type=\"section\">\n\t\t\t\t\t\t<div class=\"elementor-container elementor-column-gap-default\">\n\t\t\t\t\t<div class=\"elementor-column elementor-col-100 elementor-top-column elementor-element elementor-element-9e151f5\" data-id=\"9e151f5\" data-element_type=\"column\">\n\t\t\t<div class=\"elementor-widget-wrap elementor-element-populated\">\n\t\t\t\t\t\t<div class=\"elementor-element elementor-element-1242d26 elementor-widget elementor-widget-heading\" data-id=\"1242d26\" data-element_type=\"widget\" data-widget_type=\"heading.default\">\n\t\t\t\t<div class=\"elementor-widget-container\">\n\t\t\t\t\t<h2 class=\"elementor-heading-title elementor-size-default\">TestRacks f\u00fcr Abbott<\/h2>\t\t\t\t<\/div>\n\t\t\t\t<\/div>\n\t\t\t\t<div class=\"elementor-element elementor-element-2535a85 elementor-widget elementor-widget-text-editor\" data-id=\"2535a85\" data-element_type=\"widget\" data-widget_type=\"text-editor.default\">\n\t\t\t\t<div class=\"elementor-widget-container\">\n\t\t\t\t\t\t\t\t\t<p>Um die Testabwicklung f\u00fcr das Testpersonal m\u00f6glichst einfach und vor allem sicher und Verwechslungsfrei durchzuf\u00fchren, haben wir Anfang 2021 unsere beliebten TestRacks eingef\u00fchrt und an alle offiziellen T\u00fcbinger Teststellen verschenkt. Bei bedarf melden Sie sich gerne bei uns unter\u00a0<a href=\"mailto:info@hydraspex.com\" target=\"_blank\" rel=\"noopener\">info@hydraspex.com<\/a>\u00a0oder downloaden Sie\u00a0<a href=\"https:\/\/hydraspex.com\/?wpdmpro=testrack-abbott\" target=\"_blank\" rel=\"noopener\">hier\u00a0<\/a>die 3D-Druckfiles\u00a0<\/p>\t\t\t\t\t\t\t\t<\/div>\n\t\t\t\t<\/div>\n\t\t\t\t\t<\/div>\n\t\t<\/div>\n\t\t\t\t\t<\/div>\n\t\t<\/section>\n\t\t\t\t<section class=\"elementor-section elementor-top-section elementor-element elementor-element-2e3fa94 elementor-section-boxed elementor-section-height-default elementor-section-height-default\" data-id=\"2e3fa94\" data-element_type=\"section\">\n\t\t\t\t\t\t<div class=\"elementor-container elementor-column-gap-default\">\n\t\t\t\t\t<div class=\"elementor-column elementor-col-25 elementor-top-column elementor-element elementor-element-b1cf091\" data-id=\"b1cf091\" data-element_type=\"column\">\n\t\t\t<div class=\"elementor-widget-wrap elementor-element-populated\">\n\t\t\t\t\t\t<div class=\"elementor-element elementor-element-775035b elementor-widget elementor-widget-image\" data-id=\"775035b\" data-element_type=\"widget\" data-widget_type=\"image.default\">\n\t\t\t\t<div class=\"elementor-widget-container\">\n\t\t\t\t\t\t\t\t\t\t\t\t\t\t\t<img fetchpriority=\"high\" decoding=\"async\" width=\"1024\" height=\"768\" src=\"https:\/\/hydraspex.com\/wp-content\/uploads\/2022\/01\/IMG_20220113_160818-1024x768.jpg\" class=\"attachment-large size-large wp-image-415\" alt=\"\" srcset=\"https:\/\/hydraspex.com\/wp-content\/uploads\/2022\/01\/IMG_20220113_160818-1024x768.jpg 1024w, https:\/\/hydraspex.com\/wp-content\/uploads\/2022\/01\/IMG_20220113_160818-300x225.jpg 300w, https:\/\/hydraspex.com\/wp-content\/uploads\/2022\/01\/IMG_20220113_160818-768x576.jpg 768w, https:\/\/hydraspex.com\/wp-content\/uploads\/2022\/01\/IMG_20220113_160818-1536x1152.jpg 1536w, https:\/\/hydraspex.com\/wp-content\/uploads\/2022\/01\/IMG_20220113_160818-2048x1536.jpg 2048w\" sizes=\"(max-width: 1024px) 100vw, 1024px\" \/>\t\t\t\t\t\t\t\t\t\t\t\t\t\t\t<\/div>\n\t\t\t\t<\/div>\n\t\t\t\t\t<\/div>\n\t\t<\/div>\n\t\t\t\t<div class=\"elementor-column elementor-col-25 elementor-top-column elementor-element elementor-element-9629621\" data-id=\"9629621\" data-element_type=\"column\">\n\t\t\t<div class=\"elementor-widget-wrap elementor-element-populated\">\n\t\t\t\t\t\t<div class=\"elementor-element elementor-element-7f74af9 elementor-widget elementor-widget-image\" data-id=\"7f74af9\" data-element_type=\"widget\" data-widget_type=\"image.default\">\n\t\t\t\t<div class=\"elementor-widget-container\">\n\t\t\t\t\t\t\t\t\t\t\t\t\t\t\t<img decoding=\"async\" width=\"1024\" height=\"768\" src=\"https:\/\/hydraspex.com\/wp-content\/uploads\/2022\/01\/IMG_20220113_160834-1024x768.jpg\" class=\"attachment-large size-large wp-image-419\" alt=\"\" srcset=\"https:\/\/hydraspex.com\/wp-content\/uploads\/2022\/01\/IMG_20220113_160834-1024x768.jpg 1024w, https:\/\/hydraspex.com\/wp-content\/uploads\/2022\/01\/IMG_20220113_160834-300x225.jpg 300w, https:\/\/hydraspex.com\/wp-content\/uploads\/2022\/01\/IMG_20220113_160834-768x576.jpg 768w, https:\/\/hydraspex.com\/wp-content\/uploads\/2022\/01\/IMG_20220113_160834-1536x1152.jpg 1536w, https:\/\/hydraspex.com\/wp-content\/uploads\/2022\/01\/IMG_20220113_160834-2048x1536.jpg 2048w\" sizes=\"(max-width: 1024px) 100vw, 1024px\" \/>\t\t\t\t\t\t\t\t\t\t\t\t\t\t\t<\/div>\n\t\t\t\t<\/div>\n\t\t\t\t\t<\/div>\n\t\t<\/div>\n\t\t\t\t<div class=\"elementor-column elementor-col-25 elementor-top-column elementor-element elementor-element-6df4829\" data-id=\"6df4829\" data-element_type=\"column\">\n\t\t\t<div class=\"elementor-widget-wrap elementor-element-populated\">\n\t\t\t\t\t\t<div class=\"elementor-element elementor-element-ccd4218 elementor-widget elementor-widget-image\" data-id=\"ccd4218\" data-element_type=\"widget\" data-widget_type=\"image.default\">\n\t\t\t\t<div class=\"elementor-widget-container\">\n\t\t\t\t\t\t\t\t\t\t\t\t\t\t\t<img decoding=\"async\" width=\"1024\" height=\"768\" src=\"https:\/\/hydraspex.com\/wp-content\/uploads\/2022\/01\/IMG_20220113_160855-1024x768.jpg\" class=\"attachment-large size-large wp-image-422\" alt=\"\" srcset=\"https:\/\/hydraspex.com\/wp-content\/uploads\/2022\/01\/IMG_20220113_160855-1024x768.jpg 1024w, https:\/\/hydraspex.com\/wp-content\/uploads\/2022\/01\/IMG_20220113_160855-300x225.jpg 300w, https:\/\/hydraspex.com\/wp-content\/uploads\/2022\/01\/IMG_20220113_160855-768x576.jpg 768w, https:\/\/hydraspex.com\/wp-content\/uploads\/2022\/01\/IMG_20220113_160855-1536x1152.jpg 1536w, https:\/\/hydraspex.com\/wp-content\/uploads\/2022\/01\/IMG_20220113_160855-2048x1536.jpg 2048w\" sizes=\"(max-width: 1024px) 100vw, 1024px\" \/>\t\t\t\t\t\t\t\t\t\t\t\t\t\t\t<\/div>\n\t\t\t\t<\/div>\n\t\t\t\t\t<\/div>\n\t\t<\/div>\n\t\t\t\t<div class=\"elementor-column elementor-col-25 elementor-top-column elementor-element elementor-element-c600667\" data-id=\"c600667\" data-element_type=\"column\">\n\t\t\t<div class=\"elementor-widget-wrap elementor-element-populated\">\n\t\t\t\t\t\t<div class=\"elementor-element elementor-element-2b91b53 elementor-widget elementor-widget-image\" data-id=\"2b91b53\" data-element_type=\"widget\" data-widget_type=\"image.default\">\n\t\t\t\t<div class=\"elementor-widget-container\">\n\t\t\t\t\t\t\t\t\t\t\t\t\t\t\t<img fetchpriority=\"high\" decoding=\"async\" width=\"1024\" height=\"768\" src=\"https:\/\/hydraspex.com\/wp-content\/uploads\/2022\/01\/IMG_20220113_160818-1024x768.jpg\" class=\"attachment-large size-large wp-image-415\" alt=\"\" srcset=\"https:\/\/hydraspex.com\/wp-content\/uploads\/2022\/01\/IMG_20220113_160818-1024x768.jpg 1024w, https:\/\/hydraspex.com\/wp-content\/uploads\/2022\/01\/IMG_20220113_160818-300x225.jpg 300w, https:\/\/hydraspex.com\/wp-content\/uploads\/2022\/01\/IMG_20220113_160818-768x576.jpg 768w, https:\/\/hydraspex.com\/wp-content\/uploads\/2022\/01\/IMG_20220113_160818-1536x1152.jpg 1536w, https:\/\/hydraspex.com\/wp-content\/uploads\/2022\/01\/IMG_20220113_160818-2048x1536.jpg 2048w\" sizes=\"(max-width: 1024px) 100vw, 1024px\" \/>\t\t\t\t\t\t\t\t\t\t\t\t\t\t\t<\/div>\n\t\t\t\t<\/div>\n\t\t\t\t\t<\/div>\n\t\t<\/div>\n\t\t\t\t\t<\/div>\n\t\t<\/section>\n\t\t\t\t<\/div>\n\t\t","protected":false},"excerpt":{"rendered":"<p>COVID-19 ANTIGEN-SCHNELLTEST HydraSpex bietet Corona-Schnelltests zum Nachweis von Corona-Antigenen an. Mithilfe\u00a0eines Antigen-Schnelltests wird innerhalb\u00a0von 15 Minuten ermittelt, ob eine akute Infektion mit SARS-CoV-2 vorliegt.\u00a0Hierf\u00fcr wird vor Ort ein minimalinvasiver Nasalabstrich durchgef\u00fchrt.\u00a0Der\u00a0an unseren Teststellen verwendete Panbio\u2122 COVID-19 Antigen-Test der Firma Abbott basiert auf dem Lateral-Flow-Prinzip und liefert schnell zuverl\u00e4ssige Ergebnisse. F\u00fcr weitere Fragen stehen wir Ihnen [&hellip;]<\/p>\n","protected":false},"author":2,"featured_media":0,"parent":0,"menu_order":3,"comment_status":"closed","ping_status":"closed","template":"","meta":{"footnotes":""},"class_list":["post-68","page","type-page","status-publish","hentry"],"_links":{"self":[{"href":"https:\/\/hydraspex.com\/index.php?rest_route=\/wp\/v2\/pages\/68","targetHints":{"allow":["GET"]}}],"collection":[{"href":"https:\/\/hydraspex.com\/index.php?rest_route=\/wp\/v2\/pages"}],"about":[{"href":"https:\/\/hydraspex.com\/index.php?rest_route=\/wp\/v2\/types\/page"}],"author":[{"embeddable":true,"href":"https:\/\/hydraspex.com\/index.php?rest_route=\/wp\/v2\/users\/2"}],"replies":[{"embeddable":true,"href":"https:\/\/hydraspex.com\/index.php?rest_route=%2Fwp%2Fv2%2Fcomments&post=68"}],"version-history":[{"count":34,"href":"https:\/\/hydraspex.com\/index.php?rest_route=\/wp\/v2\/pages\/68\/revisions"}],"predecessor-version":[{"id":426,"href":"https:\/\/hydraspex.com\/index.php?rest_route=\/wp\/v2\/pages\/68\/revisions\/426"}],"wp:attachment":[{"href":"https:\/\/hydraspex.com\/index.php?rest_route=%2Fwp%2Fv2%2Fmedia&parent=68"}],"curies":[{"name":"wp","href":"https:\/\/api.w.org\/{rel}","templated":true}]}}