{"id":55,"date":"2017-03-09T17:17:52","date_gmt":"2017-03-09T17:17:52","guid":{"rendered":"http:\/\/hydraspex.com\/?page_id=55"},"modified":"2021-08-02T23:06:18","modified_gmt":"2021-08-02T23:06:18","slug":"work","status":"publish","type":"page","link":"https:\/\/hydraspex.com\/?page_id=55","title":{"rendered":"Work"},"content":{"rendered":"<p>Unsere Kernkompetenz ist die optische Mikroskopie und Spektroskopie auf Oberfl\u00e4chen, im Besondern die spitzenverst\u00e4rkte Raman-Spektroskopie (<span style=\"color: #3366ff;\">T<\/span>ip <span style=\"color: #3366ff;\">E<\/span>nhanced <span style=\"color: #3366ff;\">R<\/span>aman <span style=\"color: #3366ff;\">S<\/span>pectroscopy).<\/p>\n<p>Unser Angebot umfasst Dienstleistungsanalysen von Kundenproben zu spezifischen Fragestellungen. Im Folgenden einige Beispielbereiche:<\/p>\n<ul>\n<li>\u00a0\u00a0\u00a0\u00a0\u00a0\u00a0\u00a0\u00a0\u00a0\u00a0 (Sub)molekulare Filme<\/li>\n<li>\u00a0\u00a0\u00a0\u00a0\u00a0\u00a0\u00a0\u00a0\u00a0\u00a0 Quantenpunkte\/Polymere\/Fluoreszenzmarker<\/li>\n<li>\u00a0\u00a0\u00a0\u00a0\u00a0\u00a0\u00a0\u00a0\u00a0\u00a0 Metallische Strukturen\/Oberfl\u00e4chen und Legierungen<\/li>\n<li>\u00a0\u00a0\u00a0\u00a0\u00a0\u00a0\u00a0\u00a0\u00a0\u00a0 (An)organische Halbleiter<\/li>\n<\/ul>\n<p>Hierzu stehen uns neben mehreren State of the Art Laser-Mikroskopen und -Spektrometern auch ein TERS-Mikroskop im Ultra Hoch Vakuum zu Verf\u00fcgung. Zur Vergleichszwecken oder zur Vervollst\u00e4ndigung der Analysen stehen auch andere oberfl\u00e4chensensitive Methoden wie Rasterelektronen- oder Rasterkraft-Mikroskopie (REM, AFM) zur Verf\u00fcgung.<\/p>\n<p>Wir freuen uns auf Ihre Anfragen<\/p>\n","protected":false},"excerpt":{"rendered":"<p>Unsere Kernkompetenz ist die optische Mikroskopie und Spektroskopie auf Oberfl\u00e4chen, im Besondern die spitzenverst\u00e4rkte Raman-Spektroskopie (Tip Enhanced Raman Spectroscopy). Unser Angebot umfasst Dienstleistungsanalysen von Kundenproben zu spezifischen Fragestellungen. Im Folgenden einige Beispielbereiche: \u00a0\u00a0\u00a0\u00a0\u00a0\u00a0\u00a0\u00a0\u00a0\u00a0 (Sub)molekulare Filme \u00a0\u00a0\u00a0\u00a0\u00a0\u00a0\u00a0\u00a0\u00a0\u00a0 Quantenpunkte\/Polymere\/Fluoreszenzmarker \u00a0\u00a0\u00a0\u00a0\u00a0\u00a0\u00a0\u00a0\u00a0\u00a0 Metallische Strukturen\/Oberfl\u00e4chen und Legierungen \u00a0\u00a0\u00a0\u00a0\u00a0\u00a0\u00a0\u00a0\u00a0\u00a0 (An)organische Halbleiter Hierzu stehen uns neben mehreren State of the Art Laser-Mikroskopen [&hellip;]<\/p>\n","protected":false},"author":1,"featured_media":0,"parent":0,"menu_order":2,"comment_status":"closed","ping_status":"closed","template":"","meta":{"footnotes":""},"class_list":["post-55","page","type-page","status-publish","hentry"],"_links":{"self":[{"href":"https:\/\/hydraspex.com\/index.php?rest_route=\/wp\/v2\/pages\/55","targetHints":{"allow":["GET"]}}],"collection":[{"href":"https:\/\/hydraspex.com\/index.php?rest_route=\/wp\/v2\/pages"}],"about":[{"href":"https:\/\/hydraspex.com\/index.php?rest_route=\/wp\/v2\/types\/page"}],"author":[{"embeddable":true,"href":"https:\/\/hydraspex.com\/index.php?rest_route=\/wp\/v2\/users\/1"}],"replies":[{"embeddable":true,"href":"https:\/\/hydraspex.com\/index.php?rest_route=%2Fwp%2Fv2%2Fcomments&post=55"}],"version-history":[{"count":1,"href":"https:\/\/hydraspex.com\/index.php?rest_route=\/wp\/v2\/pages\/55\/revisions"}],"predecessor-version":[{"id":56,"href":"https:\/\/hydraspex.com\/index.php?rest_route=\/wp\/v2\/pages\/55\/revisions\/56"}],"wp:attachment":[{"href":"https:\/\/hydraspex.com\/index.php?rest_route=%2Fwp%2Fv2%2Fmedia&parent=55"}],"curies":[{"name":"wp","href":"https:\/\/api.w.org\/{rel}","templated":true}]}}