{"id":351,"date":"2021-08-02T22:46:54","date_gmt":"2021-08-02T22:46:54","guid":{"rendered":"http:\/\/hydraspex.com\/?page_id=351"},"modified":"2024-02-07T12:47:21","modified_gmt":"2024-02-07T12:47:21","slug":"sozialpartner","status":"publish","type":"page","link":"https:\/\/hydraspex.com\/?page_id=351","title":{"rendered":"Sozialpartner"},"content":{"rendered":"\t\t<div data-elementor-type=\"wp-page\" data-elementor-id=\"351\" class=\"elementor elementor-351\">\n\t\t\t\t\t\t<section class=\"elementor-section elementor-top-section elementor-element elementor-element-d73d69e elementor-section-boxed elementor-section-height-default elementor-section-height-default\" data-id=\"d73d69e\" data-element_type=\"section\">\n\t\t\t\t\t\t<div class=\"elementor-container elementor-column-gap-default\">\n\t\t\t\t\t<div class=\"elementor-column elementor-col-33 elementor-top-column elementor-element elementor-element-4cd37c3\" data-id=\"4cd37c3\" data-element_type=\"column\">\n\t\t\t<div class=\"elementor-widget-wrap elementor-element-populated\">\n\t\t\t\t\t\t<div class=\"elementor-element elementor-element-a6f1e79 elementor-widget elementor-widget-heading\" data-id=\"a6f1e79\" data-element_type=\"widget\" data-widget_type=\"heading.default\">\n\t\t\t\t<div class=\"elementor-widget-container\">\n\t\t\t\t\t<h3 class=\"elementor-heading-title elementor-size-default\"><a href=\"https:\/\/aktion-wunschbaum.de\/\">Wunschbaum T\u00fcbingen e.V.<\/a><\/h3>\t\t\t\t<\/div>\n\t\t\t\t<\/div>\n\t\t\t\t<div class=\"elementor-element elementor-element-df6bdc3 elementor-widget elementor-widget-text-editor\" data-id=\"df6bdc3\" data-element_type=\"widget\" data-widget_type=\"text-editor.default\">\n\t\t\t\t<div class=\"elementor-widget-container\">\n\t\t\t\t\t\t\t\t\t<p>Wir unterst\u00fctzen den Verein Wunschbaum T\u00fcbingen e.V. bei seinen Aktionen f\u00fcr finanziell benachteiligte Kinder in T\u00fcbingen. Dabei sind wir mit Geld und Tatkraft f\u00fcr jede tolle Idee zu haben.<\/p>\t\t\t\t\t\t\t\t<\/div>\n\t\t\t\t<\/div>\n\t\t\t\t<div class=\"elementor-element elementor-element-a971371 elementor-widget elementor-widget-image\" data-id=\"a971371\" data-element_type=\"widget\" data-widget_type=\"image.default\">\n\t\t\t\t<div class=\"elementor-widget-container\">\n\t\t\t\t\t\t\t\t\t\t\t\t\t\t\t\t<a href=\"https:\/\/aktion-wunschbaum.de\/\">\n\t\t\t\t\t\t\t<img fetchpriority=\"high\" decoding=\"async\" width=\"1024\" height=\"623\" src=\"https:\/\/hydraspex.com\/wp-content\/uploads\/2021\/08\/Logo2-22-1024x623.png\" class=\"attachment-large size-large wp-image-352\" alt=\"\" srcset=\"https:\/\/hydraspex.com\/wp-content\/uploads\/2021\/08\/Logo2-22-1024x623.png 1024w, https:\/\/hydraspex.com\/wp-content\/uploads\/2021\/08\/Logo2-22-300x182.png 300w, https:\/\/hydraspex.com\/wp-content\/uploads\/2021\/08\/Logo2-22-768x467.png 768w, https:\/\/hydraspex.com\/wp-content\/uploads\/2021\/08\/Logo2-22-1536x934.png 1536w, https:\/\/hydraspex.com\/wp-content\/uploads\/2021\/08\/Logo2-22-2048x1245.png 2048w\" sizes=\"(max-width: 1024px) 100vw, 1024px\" \/>\t\t\t\t\t\t\t\t<\/a>\n\t\t\t\t\t\t\t\t\t\t\t\t\t\t\t<\/div>\n\t\t\t\t<\/div>\n\t\t\t\t\t<\/div>\n\t\t<\/div>\n\t\t\t\t<div class=\"elementor-column elementor-col-33 elementor-top-column elementor-element elementor-element-b097770\" data-id=\"b097770\" data-element_type=\"column\">\n\t\t\t<div class=\"elementor-widget-wrap\">\n\t\t\t\t\t\t\t<\/div>\n\t\t<\/div>\n\t\t\t\t<div class=\"elementor-column elementor-col-33 elementor-top-column elementor-element elementor-element-022b353\" data-id=\"022b353\" data-element_type=\"column\">\n\t\t\t<div class=\"elementor-widget-wrap elementor-element-populated\">\n\t\t\t\t\t\t\t<\/div>\n\t\t<\/div>\n\t\t\t\t\t<\/div>\n\t\t<\/section>\n\t\t\t\t<\/div>\n\t\t","protected":false},"excerpt":{"rendered":"<p>Wunschbaum T\u00fcbingen e.V. Wir unterst\u00fctzen den Verein Wunschbaum T\u00fcbingen e.V. bei seinen Aktionen f\u00fcr finanziell benachteiligte Kinder in T\u00fcbingen. Dabei sind wir mit Geld und Tatkraft f\u00fcr jede tolle Idee zu haben.<\/p>\n","protected":false},"author":2,"featured_media":0,"parent":0,"menu_order":5,"comment_status":"closed","ping_status":"closed","template":"","meta":{"footnotes":""},"class_list":["post-351","page","type-page","status-publish","hentry"],"_links":{"self":[{"href":"https:\/\/hydraspex.com\/index.php?rest_route=\/wp\/v2\/pages\/351","targetHints":{"allow":["GET"]}}],"collection":[{"href":"https:\/\/hydraspex.com\/index.php?rest_route=\/wp\/v2\/pages"}],"about":[{"href":"https:\/\/hydraspex.com\/index.php?rest_route=\/wp\/v2\/types\/page"}],"author":[{"embeddable":true,"href":"https:\/\/hydraspex.com\/index.php?rest_route=\/wp\/v2\/users\/2"}],"replies":[{"embeddable":true,"href":"https:\/\/hydraspex.com\/index.php?rest_route=%2Fwp%2Fv2%2Fcomments&post=351"}],"version-history":[{"count":33,"href":"https:\/\/hydraspex.com\/index.php?rest_route=\/wp\/v2\/pages\/351\/revisions"}],"predecessor-version":[{"id":430,"href":"https:\/\/hydraspex.com\/index.php?rest_route=\/wp\/v2\/pages\/351\/revisions\/430"}],"wp:attachment":[{"href":"https:\/\/hydraspex.com\/index.php?rest_route=%2Fwp%2Fv2%2Fmedia&parent=351"}],"curies":[{"name":"wp","href":"https:\/\/api.w.org\/{rel}","templated":true}]}}