{"id":30,"date":"2017-03-08T11:38:41","date_gmt":"2017-03-08T11:38:41","guid":{"rendered":"http:\/\/hydraspex.com\/?page_id=30"},"modified":"2021-08-02T23:08:28","modified_gmt":"2021-08-02T23:08:28","slug":"disclaimer","status":"publish","type":"page","link":"https:\/\/hydraspex.com\/?page_id=30","title":{"rendered":"Impressum"},"content":{"rendered":"<p>Gem. \u00a7 5 Telemediengesetz (TMG):<\/p>\n<h3>HydraSpex UG<\/h3>\n<p><i class=\"fas fa-map-marker-alt\"><\/i> K\u00e4hnerweg 6, 72072 T\u00fcbingen, Germany<br \/>\n<i class=\"fas fa-envelope\"><\/i> <a href=\"mailto:info@hydraspex.com\">info@hydraspex.com<\/a><br \/>\n<i class=\"fas fa-phone-alt\"><\/i> 012345678910<\/p>\n<p>HydraSpex UG\u00a0ist unter der Handelsregisternummer\u00a0HRB 777721 beim Amtsgericht Stuttgart registriert.<\/p>\n<h2>Haftung<\/h2>\n<p>Haftungshinweis:<br \/>\nTrotz sorgf\u00e4ltiger inhaltlicher Kontrolle \u00fcbernehmen wir keine Haftung f\u00fcr die Inhalte externer Links.<br \/>\nF\u00fcr den Inhalt der verlinkten Seiten sind ausschlie\u00dflich deren Betreiber verantwortlich.<\/p>\n<p><a href=\"https:\/\/hydraspex.com\/?page_id=153\">mehr Informationen<\/a><\/p>\n<h2>Datenschutz<\/h2>\n<p>Datenschutzbeauftragter:<br \/>\nUnser Datenschutzbeauftragter Martin Eberle beantwortet all ihre Fragen. martin.eberle@hydraspex.com<\/p>\n<p>Datenschutzbestimmung:<br \/>\nWir geben keinerlei personenbezogene Daten an Dritte weiter.<\/p>\n<p><a href=\"https:\/\/hydraspex.com\/?wpdmpro=datenschutzerklaerung\">Datenschutzerkl\u00e4rung<\/a><br \/>\n<a href=\"https:\/\/hydraspex.com\/?wpdmpro=oeffentliches-verfahrensverzeichnis\">\u00d6ffentliches Verfahrensverzeichnis<\/a><\/p>\n","protected":false},"excerpt":{"rendered":"<p>Gem. \u00a7 5 Telemediengesetz (TMG): HydraSpex UG K\u00e4hnerweg 6, 72072 T\u00fcbingen, Germany info@hydraspex.com 012345678910 HydraSpex UG\u00a0ist unter der Handelsregisternummer\u00a0HRB 777721 beim Amtsgericht Stuttgart registriert. Haftung Haftungshinweis: Trotz sorgf\u00e4ltiger inhaltlicher Kontrolle \u00fcbernehmen wir keine Haftung f\u00fcr die Inhalte externer Links. F\u00fcr den Inhalt der verlinkten Seiten sind ausschlie\u00dflich deren Betreiber verantwortlich. mehr Informationen Datenschutz Datenschutzbeauftragter: Unser [&hellip;]<\/p>\n","protected":false},"author":2,"featured_media":0,"parent":0,"menu_order":6,"comment_status":"closed","ping_status":"closed","template":"","meta":{"footnotes":""},"class_list":["post-30","page","type-page","status-publish","hentry"],"_links":{"self":[{"href":"https:\/\/hydraspex.com\/index.php?rest_route=\/wp\/v2\/pages\/30","targetHints":{"allow":["GET"]}}],"collection":[{"href":"https:\/\/hydraspex.com\/index.php?rest_route=\/wp\/v2\/pages"}],"about":[{"href":"https:\/\/hydraspex.com\/index.php?rest_route=\/wp\/v2\/types\/page"}],"author":[{"embeddable":true,"href":"https:\/\/hydraspex.com\/index.php?rest_route=\/wp\/v2\/users\/2"}],"replies":[{"embeddable":true,"href":"https:\/\/hydraspex.com\/index.php?rest_route=%2Fwp%2Fv2%2Fcomments&post=30"}],"version-history":[{"count":11,"href":"https:\/\/hydraspex.com\/index.php?rest_route=\/wp\/v2\/pages\/30\/revisions"}],"predecessor-version":[{"id":343,"href":"https:\/\/hydraspex.com\/index.php?rest_route=\/wp\/v2\/pages\/30\/revisions\/343"}],"wp:attachment":[{"href":"https:\/\/hydraspex.com\/index.php?rest_route=%2Fwp%2Fv2%2Fmedia&parent=30"}],"curies":[{"name":"wp","href":"https:\/\/api.w.org\/{rel}","templated":true}]}}