{"id":19,"date":"2017-03-08T11:22:48","date_gmt":"2017-03-08T11:22:48","guid":{"rendered":"http:\/\/hydraspex.com\/?page_id=19"},"modified":"2025-02-19T13:09:41","modified_gmt":"2025-02-19T13:09:41","slug":"startseite","status":"publish","type":"page","link":"https:\/\/hydraspex.com\/","title":{"rendered":"HydraSpex"},"content":{"rendered":"\t\t<div data-elementor-type=\"wp-page\" data-elementor-id=\"19\" class=\"elementor elementor-19\">\n\t\t\t\t\t\t<section class=\"elementor-section elementor-top-section elementor-element elementor-element-a084e5d elementor-section-boxed elementor-section-height-default elementor-section-height-default\" data-id=\"a084e5d\" data-element_type=\"section\">\n\t\t\t\t\t\t<div class=\"elementor-container elementor-column-gap-default\">\n\t\t\t\t\t<div class=\"elementor-column elementor-col-100 elementor-top-column elementor-element elementor-element-a4c5e8d\" data-id=\"a4c5e8d\" data-element_type=\"column\">\n\t\t\t<div class=\"elementor-widget-wrap elementor-element-populated\">\n\t\t\t\t\t\t<div class=\"elementor-element elementor-element-da7b95b elementor-position-left elementor-vertical-align-middle elementor-widget elementor-widget-image-box\" data-id=\"da7b95b\" data-element_type=\"widget\" data-widget_type=\"image-box.default\">\n\t\t\t\t<div class=\"elementor-widget-container\">\n\t\t\t\t\t<div class=\"elementor-image-box-wrapper\"><figure class=\"elementor-image-box-img\"><a href=\"https:\/\/hydraspex.com\/?page_id=55\" tabindex=\"-1\"><img fetchpriority=\"high\" decoding=\"async\" width=\"1920\" height=\"2560\" src=\"https:\/\/hydraspex.com\/wp-content\/uploads\/2021\/07\/IMG_20200916_180155_2-scaled.jpg\" class=\"attachment-full size-full wp-image-199\" alt=\"\" srcset=\"https:\/\/hydraspex.com\/wp-content\/uploads\/2021\/07\/IMG_20200916_180155_2-scaled.jpg 1920w, https:\/\/hydraspex.com\/wp-content\/uploads\/2021\/07\/IMG_20200916_180155_2-225x300.jpg 225w, https:\/\/hydraspex.com\/wp-content\/uploads\/2021\/07\/IMG_20200916_180155_2-768x1024.jpg 768w, https:\/\/hydraspex.com\/wp-content\/uploads\/2021\/07\/IMG_20200916_180155_2-1152x1536.jpg 1152w, https:\/\/hydraspex.com\/wp-content\/uploads\/2021\/07\/IMG_20200916_180155_2-1536x2048.jpg 1536w\" sizes=\"(max-width: 1920px) 100vw, 1920px\" \/><\/a><\/figure><div class=\"elementor-image-box-content\"><h3 class=\"elementor-image-box-title\"><a href=\"https:\/\/hydraspex.com\/?page_id=55\">Wir forschen und entwickeln<\/a><\/h3><p class=\"elementor-image-box-description\">Die HydraSpex UG ist eine Start-Up aus der Eberhard-Karls-Universit\u00e4t T\u00fcbingen und hat seinen Hauptschwerpunkt auf der Forschung und der Entwicklung von Hard- und Software f\u00fcr die Forschung.\n<br><\/p><\/div><\/div>\t\t\t\t<\/div>\n\t\t\t\t<\/div>\n\t\t\t\t<div class=\"elementor-element elementor-element-3f0eb76 elementor-widget elementor-widget-spacer\" data-id=\"3f0eb76\" data-element_type=\"widget\" data-widget_type=\"spacer.default\">\n\t\t\t\t<div class=\"elementor-widget-container\">\n\t\t\t\t\t\t\t<div class=\"elementor-spacer\">\n\t\t\t<div class=\"elementor-spacer-inner\"><\/div>\n\t\t<\/div>\n\t\t\t\t\t\t<\/div>\n\t\t\t\t<\/div>\n\t\t\t\t<div class=\"elementor-element elementor-element-36bf218 elementor-position-right elementor-vertical-align-middle elementor-widget elementor-widget-image-box\" data-id=\"36bf218\" data-element_type=\"widget\" data-widget_type=\"image-box.default\">\n\t\t\t\t<div class=\"elementor-widget-container\">\n\t\t\t\t\t<div class=\"elementor-image-box-wrapper\"><figure class=\"elementor-image-box-img\"><a href=\"https:\/\/hydraspex.com\/?page_id=55\" tabindex=\"-1\"><img decoding=\"async\" width=\"1920\" height=\"2560\" src=\"https:\/\/hydraspex.com\/wp-content\/uploads\/2021\/07\/IMG_20200519_165749-scaled.jpg\" class=\"attachment-full size-full wp-image-182\" alt=\"\" srcset=\"https:\/\/hydraspex.com\/wp-content\/uploads\/2021\/07\/IMG_20200519_165749-scaled.jpg 1920w, https:\/\/hydraspex.com\/wp-content\/uploads\/2021\/07\/IMG_20200519_165749-225x300.jpg 225w, https:\/\/hydraspex.com\/wp-content\/uploads\/2021\/07\/IMG_20200519_165749-768x1024.jpg 768w, https:\/\/hydraspex.com\/wp-content\/uploads\/2021\/07\/IMG_20200519_165749-1152x1536.jpg 1152w, https:\/\/hydraspex.com\/wp-content\/uploads\/2021\/07\/IMG_20200519_165749-1536x2048.jpg 1536w\" sizes=\"(max-width: 1920px) 100vw, 1920px\" \/><\/a><\/figure><div class=\"elementor-image-box-content\"><h3 class=\"elementor-image-box-title\"><a href=\"https:\/\/hydraspex.com\/?page_id=55\">Mikroskopie<\/a><\/h3><p class=\"elementor-image-box-description\">Mikroskope und Fernr\u00f6hre verwirren eigentlich den reinen Menschensinn.\n<br>- Johann Wolfgang von Goethe (1749 - 1832)\n<br><br>\nWie Goethe es schon wusste, so wissen auch wir, dass die Mikroskopie nicht alle Probleme l\u00f6sen kann, trotzdem sind wir der Ansicht, dass wir mit unserer Mikroskopie Technik einen Beitrag dazu leisten k\u00f6nnen.<br><\/p><\/div><\/div>\t\t\t\t<\/div>\n\t\t\t\t<\/div>\n\t\t\t\t<div class=\"elementor-element elementor-element-115d799 elementor-widget elementor-widget-spacer\" data-id=\"115d799\" data-element_type=\"widget\" data-widget_type=\"spacer.default\">\n\t\t\t\t<div class=\"elementor-widget-container\">\n\t\t\t\t\t\t\t<div class=\"elementor-spacer\">\n\t\t\t<div class=\"elementor-spacer-inner\"><\/div>\n\t\t<\/div>\n\t\t\t\t\t\t<\/div>\n\t\t\t\t<\/div>\n\t\t\t\t<div class=\"elementor-element elementor-element-eb2c3f4 elementor-position-left elementor-vertical-align-middle elementor-widget elementor-widget-image-box\" data-id=\"eb2c3f4\" data-element_type=\"widget\" data-widget_type=\"image-box.default\">\n\t\t\t\t<div class=\"elementor-widget-container\">\n\t\t\t\t\t<div class=\"elementor-image-box-wrapper\"><figure class=\"elementor-image-box-img\"><a href=\"https:\/\/hydraspex.com\/?page_id=55\" tabindex=\"-1\"><img decoding=\"async\" width=\"1920\" height=\"2560\" src=\"https:\/\/hydraspex.com\/wp-content\/uploads\/2021\/07\/IMG_20200603_165018-scaled.jpg\" class=\"attachment-full size-full wp-image-206\" alt=\"\" srcset=\"https:\/\/hydraspex.com\/wp-content\/uploads\/2021\/07\/IMG_20200603_165018-scaled.jpg 1920w, https:\/\/hydraspex.com\/wp-content\/uploads\/2021\/07\/IMG_20200603_165018-225x300.jpg 225w, https:\/\/hydraspex.com\/wp-content\/uploads\/2021\/07\/IMG_20200603_165018-768x1024.jpg 768w, https:\/\/hydraspex.com\/wp-content\/uploads\/2021\/07\/IMG_20200603_165018-1152x1536.jpg 1152w, https:\/\/hydraspex.com\/wp-content\/uploads\/2021\/07\/IMG_20200603_165018-1536x2048.jpg 1536w\" sizes=\"(max-width: 1920px) 100vw, 1920px\" \/><\/a><\/figure><div class=\"elementor-image-box-content\"><h3 class=\"elementor-image-box-title\"><a href=\"https:\/\/hydraspex.com\/?page_id=55\">Spektroskopie<\/a><\/h3><p class=\"elementor-image-box-description\">\"Der Wissenschaftler ist verantwortlich f\u00fcr die Erkl\u00e4rung seines Wissens, nicht aber daf\u00fcr, wie dieses Wissen angewendet wird.\"<br>\n- Edward Teller (1908 - 2003)<br><br>\n\nWir sehen unsere Verantwortung auch in der Anwendung der Wissenschaft, deshalb arbeiten wir mit unseren Techniken an der L\u00f6sung realer Probleme.<br>\n<\/p><\/div><\/div>\t\t\t\t<\/div>\n\t\t\t\t<\/div>\n\t\t\t\t\t<\/div>\n\t\t<\/div>\n\t\t\t\t\t<\/div>\n\t\t<\/section>\n\t\t\t\t<section class=\"elementor-section elementor-top-section elementor-element elementor-element-e49c983 elementor-section-boxed elementor-section-height-default elementor-section-height-default\" data-id=\"e49c983\" data-element_type=\"section\">\n\t\t\t\t\t\t<div class=\"elementor-container elementor-column-gap-default\">\n\t\t\t\t\t<div class=\"elementor-column elementor-col-100 elementor-top-column elementor-element elementor-element-527ba04\" data-id=\"527ba04\" data-element_type=\"column\">\n\t\t\t<div class=\"elementor-widget-wrap elementor-element-populated\">\n\t\t\t\t\t\t<div class=\"elementor-element elementor-element-78499e2 elementor-widget elementor-widget-spacer\" data-id=\"78499e2\" data-element_type=\"widget\" data-widget_type=\"spacer.default\">\n\t\t\t\t<div class=\"elementor-widget-container\">\n\t\t\t\t\t\t\t<div class=\"elementor-spacer\">\n\t\t\t<div class=\"elementor-spacer-inner\"><\/div>\n\t\t<\/div>\n\t\t\t\t\t\t<\/div>\n\t\t\t\t<\/div>\n\t\t\t\t<div class=\"elementor-element elementor-element-84f8806 elementor-widget-divider--view-line_text elementor-widget-divider--element-align-center elementor-widget elementor-widget-divider\" data-id=\"84f8806\" data-element_type=\"widget\" data-widget_type=\"divider.default\">\n\t\t\t\t<div class=\"elementor-widget-container\">\n\t\t\t\t\t\t\t<div class=\"elementor-divider\">\n\t\t\t<span class=\"elementor-divider-separator\">\n\t\t\t\t\t\t\t<h1 class=\"elementor-divider__text elementor-divider__element\">\n\t\t\t\t<font size=\"5\" color=\"#2a2bda\"><b>Team<\/b><\/font>\t\t\t\t<\/h1>\n\t\t\t\t\t\t<\/span>\n\t\t<\/div>\n\t\t\t\t\t\t<\/div>\n\t\t\t\t<\/div>\n\t\t\t\t<section class=\"elementor-section elementor-inner-section elementor-element elementor-element-72ebca1 elementor-section-full_width elementor-section-height-default elementor-section-height-default\" data-id=\"72ebca1\" data-element_type=\"section\">\n\t\t\t\t\t\t<div class=\"elementor-container elementor-column-gap-narrow\">\n\t\t\t\t\t<div class=\"elementor-column elementor-col-33 elementor-inner-column elementor-element elementor-element-a695d27\" data-id=\"a695d27\" data-element_type=\"column\">\n\t\t\t<div class=\"elementor-widget-wrap elementor-element-populated\">\n\t\t\t\t\t<div class=\"elementor-background-overlay\"><\/div>\n\t\t\t\t\t\t<div class=\"elementor-element elementor-element-d7ac67f elementor-widget elementor-widget-image\" data-id=\"d7ac67f\" data-element_type=\"widget\" data-widget_type=\"image.default\">\n\t\t\t\t<div class=\"elementor-widget-container\">\n\t\t\t\t\t\t\t\t\t\t\t\t\t\t\t<img loading=\"lazy\" decoding=\"async\" width=\"150\" height=\"150\" src=\"https:\/\/hydraspex.com\/wp-content\/uploads\/2021\/07\/csm_AlfredMeixner_15365e9b36-150x150.png\" class=\"attachment-thumbnail size-thumbnail wp-image-217\" alt=\"\" \/>\t\t\t\t\t\t\t\t\t\t\t\t\t\t\t<\/div>\n\t\t\t\t<\/div>\n\t\t\t\t<div class=\"elementor-element elementor-element-c74019e elementor-widget elementor-widget-text-editor\" data-id=\"c74019e\" data-element_type=\"widget\" data-widget_type=\"text-editor.default\">\n\t\t\t\t<div class=\"elementor-widget-container\">\n\t\t\t\t\t\t\t\t\t<p style=\"text-align: center;\"><span style=\"color: #2a2bda;\">Prof. Dr. Alfred J. Meixner<br>\n(CKO)<\/span><\/p>\t\t\t\t\t\t\t\t<\/div>\n\t\t\t\t<\/div>\n\t\t\t\t\t<\/div>\n\t\t<\/div>\n\t\t\t\t<div class=\"elementor-column elementor-col-33 elementor-inner-column elementor-element elementor-element-aeb1f80\" data-id=\"aeb1f80\" data-element_type=\"column\">\n\t\t\t<div class=\"elementor-widget-wrap elementor-element-populated\">\n\t\t\t\t\t\t<div class=\"elementor-element elementor-element-d7573d2 elementor-widget elementor-widget-image\" data-id=\"d7573d2\" data-element_type=\"widget\" data-widget_type=\"image.default\">\n\t\t\t\t<div class=\"elementor-widget-container\">\n\t\t\t\t\t\t\t\t\t\t\t\t\t\t\t<img loading=\"lazy\" decoding=\"async\" width=\"150\" height=\"150\" src=\"https:\/\/hydraspex.com\/wp-content\/uploads\/2021\/07\/Kai-150x150.jpg\" class=\"attachment-thumbnail size-thumbnail wp-image-219\" alt=\"\" \/>\t\t\t\t\t\t\t\t\t\t\t\t\t\t\t<\/div>\n\t\t\t\t<\/div>\n\t\t\t\t<div class=\"elementor-element elementor-element-43f650e elementor-widget elementor-widget-text-editor\" data-id=\"43f650e\" data-element_type=\"widget\" data-widget_type=\"text-editor.default\">\n\t\t\t\t<div class=\"elementor-widget-container\">\n\t\t\t\t\t\t\t\t\t<p style=\"text-align: center;\"><span style=\"color: #2a2bda;\">Dr. Kai Braun<br>\n(CTO)<\/span><\/p>\t\t\t\t\t\t\t\t<\/div>\n\t\t\t\t<\/div>\n\t\t\t\t\t<\/div>\n\t\t<\/div>\n\t\t\t\t<div class=\"elementor-column elementor-col-33 elementor-inner-column elementor-element elementor-element-f4861c4\" data-id=\"f4861c4\" data-element_type=\"column\">\n\t\t\t<div class=\"elementor-widget-wrap elementor-element-populated\">\n\t\t\t\t\t\t<div class=\"elementor-element elementor-element-80dc7e2 elementor-widget elementor-widget-image\" data-id=\"80dc7e2\" data-element_type=\"widget\" data-widget_type=\"image.default\">\n\t\t\t\t<div class=\"elementor-widget-container\">\n\t\t\t\t\t\t\t\t\t\t\t\t\t\t\t<img loading=\"lazy\" decoding=\"async\" width=\"150\" height=\"150\" src=\"https:\/\/hydraspex.com\/wp-content\/uploads\/2021\/03\/FB_IMG_1616446514483-150x150.jpg\" class=\"attachment-thumbnail size-thumbnail wp-image-73\" alt=\"\" \/>\t\t\t\t\t\t\t\t\t\t\t\t\t\t\t<\/div>\n\t\t\t\t<\/div>\n\t\t\t\t<div class=\"elementor-element elementor-element-7b421a3 elementor-widget elementor-widget-text-editor\" data-id=\"7b421a3\" data-element_type=\"widget\" data-widget_type=\"text-editor.default\">\n\t\t\t\t<div class=\"elementor-widget-container\">\n\t\t\t\t\t\t\t\t\t<p style=\"text-align: center;\"><span style=\"color: #2a2bda;\">Martin Eberle<br>\n(CEO)<\/span><\/p>\t\t\t\t\t\t\t\t<\/div>\n\t\t\t\t<\/div>\n\t\t\t\t\t<\/div>\n\t\t<\/div>\n\t\t\t\t\t<\/div>\n\t\t<\/section>\n\t\t\t\t\t<\/div>\n\t\t<\/div>\n\t\t\t\t\t<\/div>\n\t\t<\/section>\n\t\t\t\t<\/div>\n\t\t","protected":false},"excerpt":{"rendered":"<p>Wir forschen und entwickeln Die HydraSpex UG ist eine Start-Up aus der Eberhard-Karls-Universit\u00e4t T\u00fcbingen und hat seinen Hauptschwerpunkt auf der Forschung und der Entwicklung von Hard- und Software f\u00fcr die Forschung. Mikroskopie Mikroskope und Fernr\u00f6hre verwirren eigentlich den reinen Menschensinn. &#8211; Johann Wolfgang von Goethe (1749 &#8211; 1832) Wie Goethe es schon wusste, so wissen [&hellip;]<\/p>\n","protected":false},"author":1,"featured_media":0,"parent":0,"menu_order":1,"comment_status":"closed","ping_status":"closed","template":"","meta":{"footnotes":""},"class_list":["post-19","page","type-page","status-publish","hentry"],"_links":{"self":[{"href":"https:\/\/hydraspex.com\/index.php?rest_route=\/wp\/v2\/pages\/19","targetHints":{"allow":["GET"]}}],"collection":[{"href":"https:\/\/hydraspex.com\/index.php?rest_route=\/wp\/v2\/pages"}],"about":[{"href":"https:\/\/hydraspex.com\/index.php?rest_route=\/wp\/v2\/types\/page"}],"author":[{"embeddable":true,"href":"https:\/\/hydraspex.com\/index.php?rest_route=\/wp\/v2\/users\/1"}],"replies":[{"embeddable":true,"href":"https:\/\/hydraspex.com\/index.php?rest_route=%2Fwp%2Fv2%2Fcomments&post=19"}],"version-history":[{"count":162,"href":"https:\/\/hydraspex.com\/index.php?rest_route=\/wp\/v2\/pages\/19\/revisions"}],"predecessor-version":[{"id":439,"href":"https:\/\/hydraspex.com\/index.php?rest_route=\/wp\/v2\/pages\/19\/revisions\/439"}],"wp:attachment":[{"href":"https:\/\/hydraspex.com\/index.php?rest_route=%2Fwp%2Fv2%2Fmedia&parent=19"}],"curies":[{"name":"wp","href":"https:\/\/api.w.org\/{rel}","templated":true}]}}