{"id":156,"date":"2021-07-28T03:49:41","date_gmt":"2021-07-28T03:49:41","guid":{"rendered":"http:\/\/hydraspex.com\/?page_id=156"},"modified":"2021-08-02T23:09:36","modified_gmt":"2021-08-02T23:09:36","slug":"datenschutz","status":"publish","type":"page","link":"https:\/\/hydraspex.com\/?page_id=156","title":{"rendered":"Datenschutz"},"content":{"rendered":"\n<p><\/p>\n\n\n\n<p>Der Schutz von personenbezogenen Daten ist uns ein wichtiges Anliegen. Deshalb betreiben wir unsere Aktivit\u00e4ten in \u00dcbereinstimmung mit den geltenden Rechtsvorschriften zum Schutz personenbezogener Daten. Der Datenschutz bei HydraSpex UG tr\u00e4gt dem deutschen und europ\u00e4ischen Standard f\u00fcr Datenschutz Rechnung. Wir beachten insbesondere die einschl\u00e4gigen Regelungen des Bundesdatenschutzgesetzes (BDSG) sowie des Telemediengesetzes (TMG). Die Mitarbeiter:innen von HydraSpex UG sind auf die besonderen Verschwiegenheitspflichten nach \u00a7&nbsp;5&nbsp;Bundesdatenschutzgesetz verpflichtet worden. Selbstverst\u00e4ndlich k\u00f6nnen Sie sich jederzeit an unseren&nbsp;betrieblichen Datenschutzbeauftragten&nbsp;wenden, der Ihnen mit Ausk\u00fcnften und weiterf\u00fchrenden Informationen zur Verf\u00fcgung steht.<\/p>\n\n\n\n<p>Diese Datenschutzerkl\u00e4rung behandelt folgende Aspekte:<\/p>\n\n\n\n<ul class=\"wp-block-list\"><li><a href=\"#_1._Welche_Daten\">Welche Daten werden auf dieser Homepage erfasst<\/a><\/li><li><a href=\"#_2._Respektierung_von\">Respektierung von \u201eDo not track\u201c<\/a><\/li><li><a href=\"#_3._Spenden,_Umfragen,\">Spenden, Umfragen und Bewerbungen<\/a><\/li><li><a href=\"#_4._Soziale_Netzwerke\">Social Netzwerke und Apps<\/a><\/li><li><a href=\"#_5._Newsletter\">Newsletter<\/a><\/li><li><a href=\"#_7._Weiterf\u00fchrende_Informationen\">Weiterf\u00fchrende Informationen<\/a><\/li><\/ul>\n\n\n\n<p><\/p>\n\n\n\n<p><\/p>\n\n\n\n<h2 class=\"wp-block-heading\"><a><\/a><strong>1. Welche Daten werden auf dieser Homepage erfasst<\/strong><strong><\/strong><\/h2>\n\n\n\n<p>Wir erheben personenbezogene Daten wie z. B. Namen, Anschriften, Telefonnummern oder E-Mail-Adressen nur dann, wenn Sie uns diese freiwillig zur Verf\u00fcgung stellen, der Erhebung bzw. Verarbeitung dieser Daten eingewilligt haben oder die entsprechenden Rechtsvorschriften \u00fcber den Schutz Ihrer Daten dies erlauben. Dies kann beispielsweise im Zuge einer Bewerbung oder einer Online-Spende sowie bei Abonnement des Newsletters der Fall sein. Sie k\u00f6nnen jederzeit selbst entscheiden, ob Sie personenbezogene Angaben \u00fcber sich machen m\u00f6chten.<\/p>\n\n\n\n<p>Nach dem Bundesdatenschutzgesetz haben Sie ein Recht auf unentgeltliche schriftliche Auskunft \u00fcber Ihre durch uns gespeicherten Daten und deren Verwendung sowie unter bestimmten Voraussetzungen ein Recht auf Berichtigung, Sperrung oder L\u00f6schung dieser Daten. Nach dem Telemediengesetz haben Sie au\u00dferdem das Recht, eine eventuell erteilte Einwilligung zur Erhebung, Verarbeitung und Nutzung von Internet-Nutzungsdaten jederzeit ohne Angabe von Gr\u00fcnden zu widerrufen sowie eventuell zu Ihrer Person oder zu einem Pseudonym gespeicherte Internet-Nutzungsdaten einzusehen. Dar\u00fcber hinaus haben wir die Angaben nach \u00a7 4e BDSG zum Datenschutz in einem \u00f6ffentlichen Verfahrensverzeichnis zusammengestellt.<\/p>\n\n\n\n<p><\/p>\n\n\n\n<p><\/p>\n\n\n\n<h2 class=\"wp-block-heading\"><a><\/a><a><\/a><strong>2. Respektierung von &#8216;Do not Track&#8217;<\/strong><strong><\/strong><\/h2>\n\n\n\n<p><strong>Wir respektieren selbstverst\u00e4ndlich \u201eDo not track\u201c (DNT)<\/strong><\/p>\n\n\n\n<p>Wir weisen darauf hin, dass generelles Abschalten von Cookies Funktionsst\u00f6rungen bei der Benutzung unserer Internetpr\u00e4senz hervorrufen kann und \u00fcberdies eine Daten\u00fcbermittlung an Google Analytics nicht zuverl\u00e4ssig ausschlie\u00dft. Wir empfehlen daher, die \u201eDo not track\u201c-Option (DNT) Ihres Internetbrowsers zu nutzen. Es handelt sich je nach Browser entweder um einen Schalter in den Programmeinstellungen oder ein nachtr\u00e4glich zu installierendes Modul (Add-on bzw. Plug-in). Wird diese Option aktiviert, signalisiert Ihr Browser unserem Webserver, dass Sie keine Tracking-Ma\u00dfnahmen ohne Ihre explizite Einwilligung w\u00fcnschen. Daraufhin werden unsererseits automatisch s\u00e4mtliche Tracking-Funktionen serverseitig deaktiviert. Dies bedeutet auch, dass unsere Webseiten ohne Code f\u00fcr Google Analytics ausgeliefert werden. Dies gew\u00e4hrleistet bestm\u00f6glichen Datenschutz, ohne dass Sie weitergehende Ma\u00dfnahmen im Hinblick auf unsere Internetpr\u00e4senz ergreifen m\u00fcssten.<\/p>\n\n\n\n<p>Je nach verwendetem Internetbrowser unterscheidet sich die Vorgehensweise, nach der Sie die \u201eDo not track\u201c-Option aktivieren k\u00f6nnen. Folgen Sie hierzu den nachfolgenden Links:<\/p>\n\n\n\n<ul class=\"wp-block-list\"><li><a href=\"http:\/\/support.mozilla.org\/de\/kb\/wie-verhindere-ich-dass-websites-mich-verfolgen\">Mozilla Firefox \u2013 Anleitung zur Aktivierung von \u201eDo not track\u201c in den Programmoptionen<\/a><\/li><li><a href=\"https:\/\/support.microsoft.com\/de-de\/help\/17288\/windows-internet-explorer-11-use-do-not-track\">Microsoft Internet Explorer \u2013 Anleitung zur Aktivierung von \u201eDo not track\u201c in den Programmoptionen<\/a><\/li><li><a href=\"https:\/\/support.google.com\/chrome\/answer\/2790761?co=GENIE.Platform%3DDesktop&amp;hl=de\">Google Chrome \u2013 Anleitung zur Aktivierung von &#8220;Do not track&#8221; in den Programmoptionen<\/a><\/li><li><a href=\"http:\/\/osxdaily.com\/2012\/08\/21\/how-to-enable-do-not-track-in-safari-6\/\">Apple Safari \u2013 Anleitung zur Aktivierung von \u201eDo not track\u201c in den Programmoptionen<\/a><\/li><\/ul>\n\n\n\n<p><\/p>\n\n\n\n<p><\/p>\n\n\n\n<h2 class=\"wp-block-heading\"><strong>3. Geldverkehr und E-Mails<\/strong><\/h2>\n\n\n\n<p><strong>\u00dcberweisung (keine Erfassung auf unserer Webseite)<\/strong><\/p>\n\n\n\n<p>Wenn Sie per normaler Bank\u00fcberweisung mit uns im Zahlungsverkehr stehen, werden Ihre Daten nur zum Zwecke der Kassenabrechnung bei uns erfasst, werden aber in keiner Form weitergegeben oder online gestellt.<\/p>\n\n\n\n<p><strong>Weitergabe der E-Mail Adresse<\/strong><\/p>\n\n\n\n<p>Wir geben Ihre Daten nicht an Dritte weiter. Ihre E-Mail-Adresse nutzen wir ausschlie\u00dflich f\u00fcr eigene Zwecke wie zum Beispiel die Best\u00e4tigung Ihrer Spende oder den Versand von Spenderinformationen.<\/p>\n\n\n\n<p><\/p>\n\n\n\n<p><\/p>\n\n\n\n<h2 class=\"wp-block-heading\"><a><\/a><strong>4. Soziale Netzwerke und Apps<\/strong><strong><\/strong><\/h2>\n\n\n\n<p>Auf der Internetpr\u00e4senz von HydraSpex sind keine Plug-ins von Facebook, Twitter und Google+ eingebunden.<\/p>\n\n\n\n<p><\/p>\n\n\n\n<p><\/p>\n\n\n\n<h2 class=\"wp-block-heading\"><a><\/a><a><\/a><strong>5. Newsletter<\/strong><\/h2>\n\n\n\n<p>Unser Newsletter erscheint nur unregelm\u00e4\u00dfig, haupts\u00e4chlich zur Ank\u00fcndigung bevorstehender Aktionen, aber h\u00f6chstens einmal pro Quartal.<br>Wir verwenden f\u00fcr die Zusendung von Newslettern das sogenannte Double-Opt-In-Verfahren. Nachdem Sie einen Newsletter bestellt haben erhalten Sie eine E-Mail von uns. Wenn Sie den darin enthaltenen Link aktivieren, wird der Newsletter abonniert.<\/p>\n\n\n\n<p>Wir weisen Sie darauf hin, dass Ihre personenbezogenen Daten gespeichert werden. Ihre Daten werden nur dazu verwendet, Ihnen Informationen zukommen zu lassen, sei es \u00fcber bevorstehende Aktionen oder die von Ihnen geplanten Spenden oder Beteiligungen.<\/p>\n\n\n\n<p>Sie k\u00f6nnen den Newsletter jederzeit abbestellen. Schreiben Sie eine E-Mail an&nbsp;info@hydraspex.com<br><br><\/p>\n\n\n\n<h2 class=\"wp-block-heading\"><a><\/a><strong>6. Weiterf\u00fchrende Informationen<\/strong><strong><\/strong><\/h2>\n\n\n\n<p>Auf den folgenden Seiten haben wir f\u00fcr Sie weitere Informationen zum Thema Datensicherheit beim Verein Wunschbaum T\u00fcbingen e. V. zusammengestellt.<\/p>\n\n\n\n<ul class=\"wp-block-list\"><li><a href=\"https:\/\/hydraspex.com\/?page_id=30\">Der betriebliche Datenschutzbeauftragte &#8211; Ihr Ansprechpartner in Sachen Datenschutz beim HydraSpex UG<\/a><\/li><li><a href=\"https:\/\/hydraspex.com\/?wpdmpro=oeffentliches-verfahrensverzeichnis\">\u00d6ffentliches Verfahrensverzeichnis<\/a><\/li><\/ul>\n\n\n\n<p>Bitte beachten Sie, dass diese Datenschutzerkl\u00e4rung ausschlie\u00dflich f\u00fcr das Internetangebot von HydraSpex gilt. Andere Internetangebote, auch solche, die von unseren Webseiten aus \u00fcber Links erreichbar sind, unterliegen sehr wahrscheinlich anderen Regelungen. Bitte informieren Sie sich im Bedarfsfall bei den jeweiligen Anbietern hinsichtlich der dort geltenden Datenschutzbestimmungen.<\/p>\n\n\n\n<p>Die Angaben zu den Datenschutzbestimmungen wurden zuletzt am 31.07.2021 aktualisiert.<\/p>\n","protected":false},"excerpt":{"rendered":"<p>Der Schutz von personenbezogenen Daten ist uns ein wichtiges Anliegen. Deshalb betreiben wir unsere Aktivit\u00e4ten in \u00dcbereinstimmung mit den geltenden Rechtsvorschriften zum Schutz personenbezogener Daten. Der Datenschutz bei HydraSpex UG tr\u00e4gt dem deutschen und europ\u00e4ischen Standard f\u00fcr Datenschutz Rechnung. Wir beachten insbesondere die einschl\u00e4gigen Regelungen des Bundesdatenschutzgesetzes (BDSG) sowie des Telemediengesetzes (TMG). Die Mitarbeiter:innen von [&hellip;]<\/p>\n","protected":false},"author":2,"featured_media":0,"parent":30,"menu_order":2,"comment_status":"closed","ping_status":"closed","template":"","meta":{"footnotes":""},"class_list":["post-156","page","type-page","status-publish","hentry"],"_links":{"self":[{"href":"https:\/\/hydraspex.com\/index.php?rest_route=\/wp\/v2\/pages\/156","targetHints":{"allow":["GET"]}}],"collection":[{"href":"https:\/\/hydraspex.com\/index.php?rest_route=\/wp\/v2\/pages"}],"about":[{"href":"https:\/\/hydraspex.com\/index.php?rest_route=\/wp\/v2\/types\/page"}],"author":[{"embeddable":true,"href":"https:\/\/hydraspex.com\/index.php?rest_route=\/wp\/v2\/users\/2"}],"replies":[{"embeddable":true,"href":"https:\/\/hydraspex.com\/index.php?rest_route=%2Fwp%2Fv2%2Fcomments&post=156"}],"version-history":[{"count":6,"href":"https:\/\/hydraspex.com\/index.php?rest_route=\/wp\/v2\/pages\/156\/revisions"}],"predecessor-version":[{"id":333,"href":"https:\/\/hydraspex.com\/index.php?rest_route=\/wp\/v2\/pages\/156\/revisions\/333"}],"up":[{"embeddable":true,"href":"https:\/\/hydraspex.com\/index.php?rest_route=\/wp\/v2\/pages\/30"}],"wp:attachment":[{"href":"https:\/\/hydraspex.com\/index.php?rest_route=%2Fwp%2Fv2%2Fmedia&parent=156"}],"curies":[{"name":"wp","href":"https:\/\/api.w.org\/{rel}","templated":true}]}}